{"id":12,"date":"2025-12-09T16:51:53","date_gmt":"2025-12-09T19:51:53","guid":{"rendered":"https:\/\/andreiaoliveiraproducoes.com.br\/?page_id=12"},"modified":"2025-12-30T12:41:44","modified_gmt":"2025-12-30T15:41:44","slug":"informacoes","status":"publish","type":"page","link":"https:\/\/andreiaoliveiraproducoes.com.br\/?page_id=12","title":{"rendered":"Informa\u00e7\u00f5es"},"content":{"rendered":"\t\t<div data-elementor-type=\"wp-page\" data-elementor-id=\"12\" class=\"elementor elementor-12\">\n\t\t\t\t<div class=\"elementor-element elementor-element-40ba384 e-flex e-con-boxed e-con e-parent\" data-id=\"40ba384\" data-element_type=\"container\">\n\t\t\t\t\t<div class=\"e-con-inner\">\n\t\t\t\t<div class=\"elementor-element elementor-element-88b34f7 elementor-widget elementor-widget-text-editor\" data-id=\"88b34f7\" data-element_type=\"widget\" data-widget_type=\"text-editor.default\">\n\t\t\t\t\t\t\t\t\t<h2 style=\"\n  color:#F5F5F5;\n  text-align:center;\n  font-size:36px;\n  margin-bottom:24px;\n\">\n  <u>\n    <img decoding=\"async\" class=\"emoji\" role=\"img\" draggable=\"false\"\n    src=\"https:\/\/s.w.org\/images\/core\/emoji\/17.0.2\/svg\/1f3b5.svg\" alt=\"\ud83c\udfb5\" \/>\n    <em> Licenciamento Musical<\/em>\n  <\/u>\n<\/h2>\n\n<div style=\"\n  max-width:780px;\n  margin:0 auto;\n  text-align:center;\n\">\n  <p style=\"\n    color:#D0D0D0;\n    font-size:18px;\n    line-height:1.7;\n    margin-bottom:14px;\n  \">\n    Minhas m\u00fasicas autorais est\u00e3o dispon\u00edveis para \n    <strong style=\"color:#1DB954;\">licenciamento comercial<\/strong>.\n  <\/p>\n\n  <p style=\"\n    color:#D0D0D0;\n    font-size:18px;\n    line-height:1.7;\n  \">\n    Se voc\u00ea \u00e9 \n    <strong style=\"color:#FFC857;\">cantor, m\u00fasico ou produtor<\/strong>, \n    pode utilizar minhas m\u00fasicas de forma \n    <strong style=\"color:#1DB954;\">legal e autorizada<\/strong> \n    para seus projetos.\n  <\/p>\n<\/div>\n\t\t\t\t\t\t\t\t<\/div>\n\t\t\t\t\t<\/div>\n\t\t\t\t<\/div>\n\t\t<div class=\"elementor-element elementor-element-10f580e e-flex e-con-boxed e-con e-parent\" data-id=\"10f580e\" data-element_type=\"container\">\n\t\t\t\t\t<div class=\"e-con-inner\">\n\t\t\t\t<div class=\"elementor-element elementor-element-6a627c1 elementor-widget elementor-widget-text-editor\" data-id=\"6a627c1\" data-element_type=\"widget\" data-widget_type=\"text-editor.default\">\n\t\t\t\t\t\t\t\t\t<h2 style=\"color:#ffffff;\">\n  <u>\n    <img decoding=\"async\" class=\"emoji\" role=\"img\" draggable=\"false\"\n    src=\"https:\/\/s.w.org\/images\/core\/emoji\/17.0.2\/svg\/1f3a4.svg\" alt=\"\ud83c\udfa4\" \/>\n    Para Cantores e Int\u00e9rpretes\n  <\/u>\n<\/h2>\n\n<h4 style=\"color:#b3b3b3;\">Voc\u00ea pode licenciar minhas m\u00fasicas para:<\/h4>\n\n<ul style=\"list-style:none; padding-left:18px; margin-left:0;\">\n\n  <li style=\"display:flex; align-items:center; margin-bottom:10px;\">\n    <span style=\"color:#ff3b3b; font-size:18px; margin-right:10px;\">\u25cf<\/span>\n    <span style=\"color:#9a9a9a;\">Interpreta\u00e7\u00e3o vocal<\/span>\n  <\/li>\n\n  <li style=\"display:flex; align-items:center; margin-bottom:10px;\">\n    <span style=\"color:#ff3b3b; font-size:18px; margin-right:10px;\">\u25cf<\/span>\n    <span style=\"color:#9a9a9a;\">Grava\u00e7\u00e3o em est\u00fadio<\/span>\n  <\/li>\n\n  <li style=\"display:flex; align-items:center; margin-bottom:10px;\">\n    <span style=\"color:#ff3b3b; font-size:18px; margin-right:10px;\">\u25cf<\/span>\n    <span style=\"color:#9a9a9a;\">Lan\u00e7amento em plataformas digitais<\/span>\n  <\/li>\n\n  <li style=\"display:flex; align-items:center; margin-bottom:10px;\">\n    <span style=\"color:#ff3b3b; font-size:18px; margin-right:10px;\">\u25cf<\/span>\n    <span style=\"color:#9a9a9a;\">Projetos autorais<\/span>\n  <\/li>\n\n<\/ul>\n\n<h4 style=\"color:#b3b3b3;\">Dispon\u00edvel em formatos:<\/h4>\n\n<span style=\"color:#1DB954; font-size:22px;\">&#10003;<\/span>\n<span style=\"color:#9a9a9a;\"> Licen\u00e7a n\u00e3o exclusiva<\/span><br>\n\n<span style=\"color:#1DB954; font-size:22px;\">&#10003;<\/span>\n<span style=\"color:#9a9a9a;\"> Licen\u00e7a exclusiva<\/span>\n\t\t\t\t\t\t\t\t<\/div>\n\t\t\t\t\t<\/div>\n\t\t\t\t<\/div>\n\t\t<div class=\"elementor-element elementor-element-687b4af e-flex e-con-boxed e-con e-parent\" data-id=\"687b4af\" data-element_type=\"container\">\n\t\t\t\t\t<div class=\"e-con-inner\">\n\t\t\t\t<div class=\"elementor-element elementor-element-9909fc2 elementor-widget elementor-widget-text-editor\" data-id=\"9909fc2\" data-element_type=\"widget\" data-widget_type=\"text-editor.default\">\n\t\t\t\t\t\t\t\t\t<h2 style=\"color:#ffffff;\">\n  <u>\n    <img decoding=\"async\" class=\"emoji\" role=\"img\" draggable=\"false\"\n    src=\"https:\/\/s.w.org\/images\/core\/emoji\/17.0.2\/svg\/1f3a7.svg\" alt=\"\ud83c\udfa7\" \/>\n    Para Produtores Musicais\n  <\/u>\n<\/h2>\n\n<h4 style=\"color:#b3b3b3;\">Licenciamento dispon\u00edvel para:<\/h4>\n\n<ul style=\"list-style:none; padding-left:18px; margin-left:0;\">\n\n  <li style=\"display:flex; align-items:center; margin-bottom:10px;\">\n    <span style=\"color:#ff3b3b; font-size:18px; margin-right:10px;\">\u25cf<\/span>\n    <span style=\"color:#9a9a9a;\">Beats e instrumentais<\/span>\n  <\/li>\n\n  <li style=\"display:flex; align-items:center; margin-bottom:10px;\">\n    <span style=\"color:#ff3b3b; font-size:18px; margin-right:10px;\">\u25cf<\/span>\n    <span style=\"color:#9a9a9a;\">Stems (pistas separadas)<\/span>\n  <\/li>\n\n  <li style=\"display:flex; align-items:center; margin-bottom:10px;\">\n    <span style=\"color:#ff3b3b; font-size:18px; margin-right:10px;\">\u25cf<\/span>\n    <span style=\"color:#9a9a9a;\">Remixes e adapta\u00e7\u00f5es<\/span>\n  <\/li>\n\n  <li style=\"display:flex; align-items:center; margin-bottom:10px;\">\n    <span style=\"color:#ff3b3b; font-size:18px; margin-right:10px;\">\u25cf<\/span>\n    <span style=\"color:#9a9a9a;\">Produ\u00e7\u00f5es comerciais<\/span>\n  <\/li>\n\n<\/ul>\n\t\t\t\t\t\t\t\t<\/div>\n\t\t\t\t\t<\/div>\n\t\t\t\t<\/div>\n\t\t<div class=\"elementor-element elementor-element-1329ff9 e-flex e-con-boxed e-con e-parent\" data-id=\"1329ff9\" data-element_type=\"container\">\n\t\t\t\t\t<div class=\"e-con-inner\">\n\t\t\t\t<div class=\"elementor-element elementor-element-ad7b205 elementor-widget elementor-widget-text-editor\" data-id=\"ad7b205\" data-element_type=\"widget\" data-widget_type=\"text-editor.default\">\n\t\t\t\t\t\t\t\t\t<h2 style=\"color:#ffffff;\">\n  <u>\n    <img decoding=\"async\" class=\"emoji\" role=\"img\" draggable=\"false\"\n    src=\"https:\/\/s.w.org\/images\/core\/emoji\/17.0.2\/svg\/1f4dc.svg\" alt=\"\ud83d\udcdc\" \/>\n    Como funciona o licenciamento\n  <\/u>\n<\/h2>\n\n<ul style=\"list-style:none; padding-left:18px; margin-left:0;\">\n\n  <li style=\"display:flex; align-items:center; margin-bottom:10px;\">\n    <span style=\"color:#ff3b3b; font-size:18px; margin-right:10px;\">\u25cf<\/span>\n    <span style=\"color:#9a9a9a;\">Voc\u00ea escolhe a m\u00fasica<\/span>\n  <\/li>\n\n  <li style=\"display:flex; align-items:center; margin-bottom:10px;\">\n    <span style=\"color:#ff3b3b; font-size:18px; margin-right:10px;\">\u25cf<\/span>\n    <span style=\"color:#9a9a9a;\">Entramos em contato para definir o tipo de licen\u00e7a<\/span>\n  <\/li>\n\n  <li style=\"display:flex; align-items:center; margin-bottom:10px;\">\n    <span style=\"color:#ff3b3b; font-size:18px; margin-right:10px;\">\u25cf<\/span>\n    <span style=\"color:#9a9a9a;\">A autoriza\u00e7\u00e3o \u00e9 feita por escrito<\/span>\n  <\/li>\n\n  <li style=\"display:flex; align-items:center; margin-bottom:10px;\">\n    <span style=\"color:#ff3b3b; font-size:18px; margin-right:10px;\">\u25cf<\/span>\n    <span style=\"color:#9a9a9a;\">Voc\u00ea pode usar a m\u00fasica conforme o acordo<\/span>\n  <\/li>\n\n<\/ul>\n\n<p style=\"margin-top:18px; color:#9a9a9a;\">\n  <span style=\"color:#ffb300; font-size:18px; margin-right:6px;\">&#9888;<\/span>\n  A autoria permanece registrada em meu nome.\n<\/p>\n\n<p style=\"color:#9a9a9a;\">\n  <span style=\"color:#ffb300; font-size:18px; margin-right:6px;\">&#9888;<\/span>\n  Ou voc\u00ea pode adquirir os direitos totais sobre a m\u00fasica.\n<\/p>\n\t\t\t\t\t\t\t\t<\/div>\n\t\t\t\t\t<\/div>\n\t\t\t\t<\/div>\n\t\t<div class=\"elementor-element elementor-element-d3d323f e-flex e-con-boxed e-con e-parent\" data-id=\"d3d323f\" data-element_type=\"container\">\n\t\t\t\t\t<div class=\"e-con-inner\">\n\t\t\t\t<div class=\"elementor-element elementor-element-aac0e28 elementor-align-center elementor-widget elementor-widget-button\" data-id=\"aac0e28\" data-element_type=\"widget\" data-widget_type=\"button.default\">\n\t\t\t\t\t\t\t\t\t\t<a class=\"elementor-button elementor-button-link elementor-size-sm\" href=\"https:\/\/www.andreiaoliveiraproducoes.com.br\/?page_id=8\">\n\t\t\t\t\t\t<span class=\"elementor-button-content-wrapper\">\n\t\t\t\t\t\t\t\t\t<span class=\"elementor-button-text\">Click aqui...Entre em Contato<\/span>\n\t\t\t\t\t<\/span>\n\t\t\t\t\t<\/a>\n\t\t\t\t\t\t\t\t<\/div>\n\t\t\t\t\t<\/div>\n\t\t\t\t<\/div>\n\t\t\t\t<\/div>\n\t\t","protected":false},"excerpt":{"rendered":"<p>Licenciamento Musical Minhas m\u00fasicas autorais est\u00e3o dispon\u00edveis para licenciamento comercial. Se voc\u00ea \u00e9 cantor, m\u00fasico ou produtor, pode utilizar minhas m\u00fasicas de forma legal e autorizada para seus projetos. Para Cantores e Int\u00e9rpretes Voc\u00ea pode licenciar minhas m\u00fasicas para: \u25cf Interpreta\u00e7\u00e3o vocal \u25cf Grava\u00e7\u00e3o em est\u00fadio \u25cf Lan\u00e7amento em plataformas digitais \u25cf Projetos autorais Dispon\u00edvel [&hellip;]<\/p>\n","protected":false},"author":1,"featured_media":0,"parent":0,"menu_order":0,"comment_status":"closed","ping_status":"closed","template":"","meta":{"footnotes":""},"class_list":["post-12","page","type-page","status-publish","hentry","wpbf-post"],"_links":{"self":[{"href":"https:\/\/andreiaoliveiraproducoes.com.br\/index.php?rest_route=\/wp\/v2\/pages\/12","targetHints":{"allow":["GET"]}}],"collection":[{"href":"https:\/\/andreiaoliveiraproducoes.com.br\/index.php?rest_route=\/wp\/v2\/pages"}],"about":[{"href":"https:\/\/andreiaoliveiraproducoes.com.br\/index.php?rest_route=\/wp\/v2\/types\/page"}],"author":[{"embeddable":true,"href":"https:\/\/andreiaoliveiraproducoes.com.br\/index.php?rest_route=\/wp\/v2\/users\/1"}],"replies":[{"embeddable":true,"href":"https:\/\/andreiaoliveiraproducoes.com.br\/index.php?rest_route=%2Fwp%2Fv2%2Fcomments&post=12"}],"version-history":[{"count":16,"href":"https:\/\/andreiaoliveiraproducoes.com.br\/index.php?rest_route=\/wp\/v2\/pages\/12\/revisions"}],"predecessor-version":[{"id":366,"href":"https:\/\/andreiaoliveiraproducoes.com.br\/index.php?rest_route=\/wp\/v2\/pages\/12\/revisions\/366"}],"wp:attachment":[{"href":"https:\/\/andreiaoliveiraproducoes.com.br\/index.php?rest_route=%2Fwp%2Fv2%2Fmedia&parent=12"}],"curies":[{"name":"wp","href":"https:\/\/api.w.org\/{rel}","templated":true}]}}